{"id":18,"date":"2021-06-18T14:44:30","date_gmt":"2021-06-18T14:44:30","guid":{"rendered":"http:\/\/www.kotkankiinteistohuoltajat.fi\/?page_id=18"},"modified":"2023-10-05T15:15:36","modified_gmt":"2023-10-05T15:15:36","slug":"palvelut","status":"publish","type":"page","link":"https:\/\/www.kotkankiinteistohuoltajat.fi\/","title":{"rendered":"Kotkan Kiinteist\u00f6huoltajat Oy"},"content":{"rendered":"\n<figure class=\"wp-block-pullquote\" style=\"border-color:#000000\"><blockquote><p>Etsitk\u00f6 huoltoalan ammattilaista? Me olemme luotettava ja laajan kumppanuusverkoston omaava huoltoalan yritys. Tarjoamme laadukasta palvelua teollisuudelle, yrityksille, taloyhti\u00f6ille ja yksityishenkil\u00f6ille.<\/p><\/blockquote><\/figure>\n\n\n\n<h2>Ajankohtaista<\/h2>\n\n\n\n<p>Syksyn huoltoty\u00f6t ovat nyt ajankohtaisia asioita! Jos tarvitsette apua esim.viheralueiden ty\u00f6t, puiden kaato, kattojen huoltoy\u00f6t tai lehtien puhaltaminen. Ota yhteytt\u00e4! Tarjoamme palvelujamme niin yrityksille kuin yksityishenkil\u00f6illekin.<\/p>\n\n\n\n<h2>Huoltoty\u00f6t<\/h2>\n\n\n\n<p>Suoritamme asiakaskohteissa huolto- ja korjaustoimenpiteit\u00e4. Pienkorjaukset taidolla ja luotettavasti!<\/p>\n\n\n\n<ul><li>Asennusty\u00f6t <\/li><li>Pienkorjaukset <\/li><li>Kiinteist\u00f6tekniikka<\/li><li>Teollisuuden kunnossapito<\/li><\/ul>\n\n\n\n<h2>Kiinteist\u00f6nhoito<\/h2>\n\n\n\n<p>Saat meid\u00e4n kauttamme kaikki kiinteist\u00f6palvelut saman katon alta, kuten kiinteist\u00f6jen sis\u00e4- ja ulkoty\u00f6t. <\/p>\n\n\n\n<div class=\"wp-block-columns\">\n<div class=\"wp-block-column\">\n<h4>Ulkoty\u00f6t<\/h4>\n\n\n\n<ul><li>Viheralueiden ty\u00f6t, kuten pihojen siistiminen, puiden kaato, pihakalusteiden kunnostus, pensaiden ja nurmikon leikkaus<\/li><li>Raivausty\u00f6t<\/li><li>Hiekan nosto, lehtien puhallus ja muut sesonkity\u00f6t<\/li><li>K\u00e4silumity\u00f6t, hiekoitukset, lumenpudotus katoilta<\/li><li>Koneelliset lumity\u00f6t<\/li><li>Liukkauden torjunta<\/li><li>Liputus<\/li><li>Kattokierrokset<\/li><li>Roskakierrokset<\/li><li>Lis\u00e4ksi p\u00e4ivystys ja muut sopimusty\u00f6t<\/li><\/ul>\n<\/div>\n\n\n\n<div class=\"wp-block-column\">\n<h4>Sis\u00e4ty\u00f6t<\/h4>\n\n\n\n<ul><li>Paloilmoitin- ja sprinklertestit<\/li><li>Korjausty\u00f6t<\/li><li>Nimenvaihdot taloyhti\u00f6n oviin<\/li><li>Ovien avaukset<\/li><li>Kulutuslukemien ottaminen ja kirjaaminen huoltop\u00e4iv\u00e4kirjaan<\/li><li>Lamppujen vaihdot<\/li><li>IV-LVI-ty\u00f6t, kuten suodattimen vaihdot<\/li><li>Tukkoisten p\u00f6ntt\u00f6jen ja kaivojen avaukset<\/li><li>Ikkunoiden ja ovien tiivist\u00e4minen<\/li><li>Ja muut sis\u00e4ty\u00f6t<\/li><\/ul>\n<\/div>\n<\/div>\n\n\n\n<p>Voit tehd\u00e4 huoltosopimuksen yrityksemme kanssa. Kiinteist\u00f6huoltosopimuksessa yhdess\u00e4 asiakkaan kanssa m\u00e4\u00e4ritell\u00e4\u00e4n kaikki suoritettavat toimenpiteet. R\u00e4\u00e4t\u00e4l\u00f6id\u00e4\u00e4n juuri asiakkaan tarpeisiin sopivat teht\u00e4v\u00e4t ja kirjataan ne huoltokirjaan.<\/p>\n\n\n\n<p><\/p>\n\n\n\n<h2>Terassien \u00f6ljy\u00e4minen ja maalaus<\/h2>\n\n\n\n<p>Teemme terassien ja parvekkeiden sek\u00e4 terassikalusteiden \u00f6ljy\u00e4misi\u00e4 ja maalausta ammattitaidolla. <\/p>\n\n\n\n<h2>Remontointi<\/h2>\n\n\n\n<p>Remontointi Kotkan alueella esim. <\/p>\n\n\n\n<ul><li>Huoneistojen remontointi <\/li><li>Ulkorakennuksien, kuten varastojen ja j\u00e4tekatoksien korjaukset, aitojen rakentaminen tai korjausty\u00f6t<\/li><\/ul>\n\n\n\n<h2>Muutot ja logistiikka<\/h2>\n\n\n\n<p>Tarvitseko apua tavaroiden kuljetuksissa? Me autamme!<\/p>\n","protected":false},"excerpt":{"rendered":"<p>Etsitk\u00f6 huoltoalan ammattilaista? Me olemme luotettava ja laajan kumppanuusverkoston omaava huoltoalan yritys. Tarjoamme laadukasta palvelua teollisuudelle, yrityksille, taloyhti\u00f6ille ja yksityishenkil\u00f6ille. Ajankohtaista Syksyn huoltoty\u00f6t ovat nyt ajankohtaisia asioita! Jos tarvitsette apua esim.viheralueiden ty\u00f6t, puiden kaato, kattojen huoltoy\u00f6t tai lehtien puhaltaminen. Ota yhteytt\u00e4! Tarjoamme palvelujamme niin yrityksille kuin yksityishenkil\u00f6illekin. Huoltoty\u00f6t Suoritamme asiakaskohteissa huolto- ja korjaustoimenpiteit\u00e4. Pienkorjaukset taidolla [&hellip;]<\/p>\n","protected":false},"author":1,"featured_media":70,"parent":0,"menu_order":0,"comment_status":"closed","ping_status":"closed","template":"","meta":[],"_links":{"self":[{"href":"https:\/\/www.kotkankiinteistohuoltajat.fi\/index.php\/wp-json\/wp\/v2\/pages\/18"}],"collection":[{"href":"https:\/\/www.kotkankiinteistohuoltajat.fi\/index.php\/wp-json\/wp\/v2\/pages"}],"about":[{"href":"https:\/\/www.kotkankiinteistohuoltajat.fi\/index.php\/wp-json\/wp\/v2\/types\/page"}],"author":[{"embeddable":true,"href":"https:\/\/www.kotkankiinteistohuoltajat.fi\/index.php\/wp-json\/wp\/v2\/users\/1"}],"replies":[{"embeddable":true,"href":"https:\/\/www.kotkankiinteistohuoltajat.fi\/index.php\/wp-json\/wp\/v2\/comments?post=18"}],"version-history":[{"count":38,"href":"https:\/\/www.kotkankiinteistohuoltajat.fi\/index.php\/wp-json\/wp\/v2\/pages\/18\/revisions"}],"predecessor-version":[{"id":153,"href":"https:\/\/www.kotkankiinteistohuoltajat.fi\/index.php\/wp-json\/wp\/v2\/pages\/18\/revisions\/153"}],"wp:featuredmedia":[{"embeddable":true,"href":"https:\/\/www.kotkankiinteistohuoltajat.fi\/index.php\/wp-json\/wp\/v2\/media\/70"}],"wp:attachment":[{"href":"https:\/\/www.kotkankiinteistohuoltajat.fi\/index.php\/wp-json\/wp\/v2\/media?parent=18"}],"curies":[{"name":"wp","href":"https:\/\/api.w.org\/{rel}","templated":true}]}}