{"id":28,"date":"2021-06-18T14:31:33","date_gmt":"2021-06-18T14:31:33","guid":{"rendered":"http:\/\/www.kotkankiinteistohuoltajat.fi\/?page_id=28"},"modified":"2023-04-15T13:41:30","modified_gmt":"2023-04-15T13:41:30","slug":"ota-yhteytta","status":"publish","type":"page","link":"https:\/\/www.kotkankiinteistohuoltajat.fi\/index.php\/ota-yhteytta\/","title":{"rendered":"Ota yhteytt\u00e4"},"content":{"rendered":"\n<p>Ota yhteytt\u00e4 ja jutellaan lis\u00e4\u00e4!<br>Yhteystiedot:<br>Kari Immonen, yritt\u00e4j\u00e4<br>041 4976406<br>kotkan.kiinteistohuoltajat@gmail.com<\/p>\n\n\n\n<p>Y-tunnus 3217087-2<\/p>\n","protected":false},"excerpt":{"rendered":"<p>Ota yhteytt\u00e4 ja jutellaan lis\u00e4\u00e4!Yhteystiedot:Kari Immonen, yritt\u00e4j\u00e4041 4976406kotkan.kiinteistohuoltajat@gmail.com Y-tunnus 3217087-2<\/p>\n","protected":false},"author":1,"featured_media":0,"parent":0,"menu_order":0,"comment_status":"closed","ping_status":"closed","template":"","meta":[],"_links":{"self":[{"href":"https:\/\/www.kotkankiinteistohuoltajat.fi\/index.php\/wp-json\/wp\/v2\/pages\/28"}],"collection":[{"href":"https:\/\/www.kotkankiinteistohuoltajat.fi\/index.php\/wp-json\/wp\/v2\/pages"}],"about":[{"href":"https:\/\/www.kotkankiinteistohuoltajat.fi\/index.php\/wp-json\/wp\/v2\/types\/page"}],"author":[{"embeddable":true,"href":"https:\/\/www.kotkankiinteistohuoltajat.fi\/index.php\/wp-json\/wp\/v2\/users\/1"}],"replies":[{"embeddable":true,"href":"https:\/\/www.kotkankiinteistohuoltajat.fi\/index.php\/wp-json\/wp\/v2\/comments?post=28"}],"version-history":[{"count":4,"href":"https:\/\/www.kotkankiinteistohuoltajat.fi\/index.php\/wp-json\/wp\/v2\/pages\/28\/revisions"}],"predecessor-version":[{"id":134,"href":"https:\/\/www.kotkankiinteistohuoltajat.fi\/index.php\/wp-json\/wp\/v2\/pages\/28\/revisions\/134"}],"wp:attachment":[{"href":"https:\/\/www.kotkankiinteistohuoltajat.fi\/index.php\/wp-json\/wp\/v2\/media?parent=28"}],"curies":[{"name":"wp","href":"https:\/\/api.w.org\/{rel}","templated":true}]}}