{"id":30,"date":"2021-06-18T14:49:20","date_gmt":"2021-06-18T14:49:20","guid":{"rendered":"http:\/\/www.kotkankiinteistohuoltajat.fi\/?page_id=30"},"modified":"2023-04-15T13:41:13","modified_gmt":"2023-04-15T13:41:13","slug":"tietoa-yrityksesta","status":"publish","type":"page","link":"https:\/\/www.kotkankiinteistohuoltajat.fi\/index.php\/tietoa-yrityksesta\/","title":{"rendered":"Tietoa yrityksest\u00e4"},"content":{"rendered":"\n<p><strong>Olemme kotkalainen yritys, joka toimii Kotkan, Haminan ja Pyht\u00e4\u00e4n alueella. <\/strong><br><\/p>\n\n\n\n<h2>Miksi meid\u00e4t kannattaa valita?<\/h2>\n\n\n\n<h5>Laatu on meille ykk\u00f6sasia<\/h5>\n\n\n\n<h5>Meill\u00e4 on kokemusta ja haluamme kehitty\u00e4 <\/h5>\n\n\n\n<h5>Hinta-laatusuhde on kohdallaan<\/h5>\n\n\n\n<h5>Kuuntelemme asiakasta<\/h5>\n\n\n\n<h5>Meill\u00e4 on laaja kumppaniverkosto<\/h5>\n\n\n\n<div class=\"wp-block-media-text alignwide is-stacked-on-mobile\"><figure class=\"wp-block-media-text__media\"><img loading=\"lazy\" width=\"842\" height=\"396\" src=\"http:\/\/www.kotkankiinteistohuoltajat.fi\/wp-content\/uploads\/2021\/06\/LK_valkoinen_rgb.jpg\" alt=\"\" class=\"wp-image-53 size-full\" srcset=\"https:\/\/www.kotkankiinteistohuoltajat.fi\/wp-content\/uploads\/2021\/06\/LK_valkoinen_rgb.jpg 842w, https:\/\/www.kotkankiinteistohuoltajat.fi\/wp-content\/uploads\/2021\/06\/LK_valkoinen_rgb-300x141.jpg 300w, https:\/\/www.kotkankiinteistohuoltajat.fi\/wp-content\/uploads\/2021\/06\/LK_valkoinen_rgb-768x361.jpg 768w\" sizes=\"(max-width: 842px) 100vw, 842px\" \/><\/figure><div class=\"wp-block-media-text__content\">\n<p class=\"has-large-font-size\">Liityimme Vastuu Groupin Luotettavaksi kumppaniksi. Luotettava Kumppani -j\u00e4senyys kertoo, ett\u00e4 hoidamme asiat avoimesti ja ett\u00e4 lakis\u00e4\u00e4teiset velvoitteet ovat ajan tasalla.<\/p>\n<\/div><\/div>\n","protected":false},"excerpt":{"rendered":"<p>Olemme kotkalainen yritys, joka toimii Kotkan, Haminan ja Pyht\u00e4\u00e4n alueella. Miksi meid\u00e4t kannattaa valita? Laatu on meille ykk\u00f6sasia Meill\u00e4 on kokemusta ja haluamme kehitty\u00e4 Hinta-laatusuhde on kohdallaan Kuuntelemme asiakasta Meill\u00e4 on laaja kumppaniverkosto Liityimme Vastuu Groupin Luotettavaksi kumppaniksi. Luotettava Kumppani -j\u00e4senyys kertoo, ett\u00e4 hoidamme asiat avoimesti ja ett\u00e4 lakis\u00e4\u00e4teiset velvoitteet ovat ajan tasalla.<\/p>\n","protected":false},"author":1,"featured_media":0,"parent":0,"menu_order":0,"comment_status":"closed","ping_status":"closed","template":"","meta":[],"_links":{"self":[{"href":"https:\/\/www.kotkankiinteistohuoltajat.fi\/index.php\/wp-json\/wp\/v2\/pages\/30"}],"collection":[{"href":"https:\/\/www.kotkankiinteistohuoltajat.fi\/index.php\/wp-json\/wp\/v2\/pages"}],"about":[{"href":"https:\/\/www.kotkankiinteistohuoltajat.fi\/index.php\/wp-json\/wp\/v2\/types\/page"}],"author":[{"embeddable":true,"href":"https:\/\/www.kotkankiinteistohuoltajat.fi\/index.php\/wp-json\/wp\/v2\/users\/1"}],"replies":[{"embeddable":true,"href":"https:\/\/www.kotkankiinteistohuoltajat.fi\/index.php\/wp-json\/wp\/v2\/comments?post=30"}],"version-history":[{"count":10,"href":"https:\/\/www.kotkankiinteistohuoltajat.fi\/index.php\/wp-json\/wp\/v2\/pages\/30\/revisions"}],"predecessor-version":[{"id":133,"href":"https:\/\/www.kotkankiinteistohuoltajat.fi\/index.php\/wp-json\/wp\/v2\/pages\/30\/revisions\/133"}],"wp:attachment":[{"href":"https:\/\/www.kotkankiinteistohuoltajat.fi\/index.php\/wp-json\/wp\/v2\/media?parent=30"}],"curies":[{"name":"wp","href":"https:\/\/api.w.org\/{rel}","templated":true}]}}